{"id":937,"date":"2020-07-10T22:50:38","date_gmt":"2020-07-10T22:50:38","guid":{"rendered":"https:\/\/abellerolrural.com\/?page_id=937"},"modified":"2020-07-10T22:54:30","modified_gmt":"2020-07-10T22:54:30","slug":"itineraires-et-visites","status":"publish","type":"page","link":"https:\/\/abellerolrural.com\/fr\/itineraires-et-visites\/","title":{"rendered":"Itin\u00e9raires et visites"},"content":{"rendered":"\t\t<div data-elementor-type=\"wp-post\" data-elementor-id=\"937\" class=\"elementor elementor-937\" data-elementor-settings=\"[]\">\n\t\t\t<div class=\"elementor-inner\">\n\t\t\t\t<div class=\"elementor-section-wrap\">\n\t\t\t\t\t\t\t<section class=\"elementor-element elementor-element-2480ecc elementor-section-boxed elementor-section-height-default elementor-section-height-default elementor-section elementor-top-section\" data-id=\"2480ecc\" data-element_type=\"section\">\n\t\t\t\t\t\t<div class=\"elementor-container elementor-column-gap-default\">\n\t\t\t\t<div class=\"elementor-row\">\n\t\t\t\t<div class=\"elementor-element elementor-element-1994e66 elementor-column elementor-col-33 elementor-top-column\" data-id=\"1994e66\" data-element_type=\"column\">\n\t\t\t<div class=\"elementor-column-wrap  elementor-element-populated\">\n\t\t\t\t\t<div class=\"elementor-widget-wrap\">\n\t\t\t\t<div class=\"elementor-element elementor-element-6b53c4a elementor-widget elementor-widget-text-editor\" data-id=\"6b53c4a\" data-element_type=\"widget\" data-widget_type=\"text-editor.default\">\n\t\t\t\t<div class=\"elementor-widget-container\">\n\t\t\t\t\t<div class=\"elementor-text-editor elementor-clearfix\"><h4>Nos conseils ?<\/h4><p>Vous n&#8217;avez pas \u00e0 faire mille projets, laissez le temps couler et profitez pleinement de ce temps avec vos amis ou votre famille&#8230; consacrez-vous \u00e0 l&#8217;art de la d\u00e9connexion : <strong>D\u00e9connecter- [ART]<\/strong><\/p><\/div>\n\t\t\t\t<\/div>\n\t\t\t\t<\/div>\n\t\t\t\t\t\t<\/div>\n\t\t\t<\/div>\n\t\t<\/div>\n\t\t\t\t<div class=\"elementor-element elementor-element-49018b9 elementor-column elementor-col-66 elementor-top-column\" data-id=\"49018b9\" data-element_type=\"column\">\n\t\t\t<div class=\"elementor-column-wrap  elementor-element-populated\">\n\t\t\t\t\t<div class=\"elementor-widget-wrap\">\n\t\t\t\t<div class=\"elementor-element elementor-element-31fcc64 elementor-widget elementor-widget-text-editor\" data-id=\"31fcc64\" data-element_type=\"widget\" data-widget_type=\"text-editor.default\">\n\t\t\t\t<div class=\"elementor-widget-container\">\n\t\t\t\t\t<div class=\"elementor-text-editor elementor-clearfix\"><p>Vous ne pouvez pas manquer certains de nos meilleurs secrets :<\/p><p>Sortez et voyez les \u00e9toiles sur la terrasse, vous serez surpris<\/p><ul><li>Montez au deuxi\u00e8me \u00e9tage et ne manquez pas les couchers de soleil de l&#8217;Abellerol<\/li><li>Ouvrez les fen\u00eatres et \u00e9coutez les oiseaux<\/li><li>Se perdre dans le brouillard<\/li><li>Les courses entre les champs de c\u00e9r\u00e9ales<\/li><\/ul><\/div>\n\t\t\t\t<\/div>\n\t\t\t\t<\/div>\n\t\t\t\t\t\t<\/div>\n\t\t\t<\/div>\n\t\t<\/div>\n\t\t\t\t\t\t<\/div>\n\t\t\t<\/div>\n\t\t<\/section>\n\t\t\t\t<section class=\"elementor-element elementor-element-4748edb elementor-section-boxed elementor-section-height-default elementor-section-height-default elementor-section elementor-top-section\" data-id=\"4748edb\" data-element_type=\"section\">\n\t\t\t\t\t\t<div class=\"elementor-container elementor-column-gap-default\">\n\t\t\t\t<div class=\"elementor-row\">\n\t\t\t\t<div class=\"elementor-element elementor-element-e9c709a elementor-column elementor-col-100 elementor-top-column\" data-id=\"e9c709a\" data-element_type=\"column\">\n\t\t\t<div class=\"elementor-column-wrap  elementor-element-populated\">\n\t\t\t\t\t<div class=\"elementor-widget-wrap\">\n\t\t\t\t<div class=\"elementor-element elementor-element-d6a3955 elementor-widget elementor-widget-heading\" data-id=\"d6a3955\" data-element_type=\"widget\" data-widget_type=\"heading.default\">\n\t\t\t\t<div class=\"elementor-widget-container\">\n\t\t\t<h2 class=\"elementor-heading-title elementor-size-default\">Si nous ne vous avons pas convaincu de ne pas faire de projets malgr\u00e9 cela,\nnous vous transmettons quelques liens qui peuvent vous int\u00e9resser :<\/h2>\t\t<\/div>\n\t\t\t\t<\/div>\n\t\t\t\t<div class=\"elementor-element elementor-element-75d1c18 elementor-widget elementor-widget-text-editor\" data-id=\"75d1c18\" data-element_type=\"widget\" data-widget_type=\"text-editor.default\">\n\t\t\t\t<div class=\"elementor-widget-container\">\n\t\t\t\t\t<div class=\"elementor-text-editor elementor-clearfix\"><p><strong>ROUTES<\/strong><br \/><a href=\"http:\/\/turisme.urgell.cat\/category\/web-de-turisme\/lurgell-tot-un-mon-per-descobrir\/rutes-per-lurgell\/\" target=\"_blank\" rel=\"noopener\">http:\/\/turisme.urgell.cat\/category\/web-de-turisme\/lurgell-tot-un-mon-per-descobrir\/rutes-per-lurgell\/<\/a><\/p><p><strong>VISITES GUID\u00c9ES<\/strong><br \/><a href=\"http:\/\/turisme.urgell.cat\/visites-guiades\/\" target=\"_blank\" rel=\"noopener\">http:\/\/turisme.urgell.cat\/visites-guiades\/<\/a><\/p><p><strong>RANDONN\u00c9ES ET VTT<\/strong><br \/><a href=\"http:\/\/turisme.urgell.cat\/senderisme-i-btt-per-lurgell-menu\/\" target=\"_blank\" rel=\"noopener\">http:\/\/turisme.urgell.cat\/senderisme-i-btt-per-lurgell-menu\/<\/a><br \/><a href=\"http:\/\/www.lleidatur.com\/Turisme\/Visita\/Espai-Natural-Congost-de-Mont-rebei\/177.aspx\" target=\"_blank\" rel=\"noopener\">http:\/\/www.lleidatur.com\/Turisme\/Visita\/Espai-Natural-Congost-de-Mont-rebei\/177.aspx<\/a><\/p><p><strong>TOURISME ACTIF<\/strong><br \/><a href=\"http:\/\/turisme.urgell.cat\/turisme-actiu\/\" target=\"_blank\" rel=\"noopener\">http:\/\/turisme.urgell.cat\/turisme-actiu\/<\/a><\/p><p><strong>LES MUS\u00c9ES ET LE TOURISME FAMILIAL<\/strong><br \/><a href=\"http:\/\/turisme.urgell.cat\/museus-i-espais-visitables-de-lurgell\/\" target=\"_blank\" rel=\"noopener\">http:\/\/turisme.urgell.cat\/museus-i-espais-visitables-de-lurgell\/<\/a><\/p><\/div>\n\t\t\t\t<\/div>\n\t\t\t\t<\/div>\n\t\t\t\t\t\t<\/div>\n\t\t\t<\/div>\n\t\t<\/div>\n\t\t\t\t\t\t<\/div>\n\t\t\t<\/div>\n\t\t<\/section>\n\t\t\t\t<section class=\"elementor-element elementor-element-240fa3a elementor-section-boxed elementor-section-height-default elementor-section-height-default elementor-section elementor-top-section\" data-id=\"240fa3a\" data-element_type=\"section\">\n\t\t\t\t\t\t<div class=\"elementor-container elementor-column-gap-default\">\n\t\t\t\t<div class=\"elementor-row\">\n\t\t\t\t<div class=\"elementor-element elementor-element-2b3dd32 elementor-column elementor-col-100 elementor-top-column\" data-id=\"2b3dd32\" data-element_type=\"column\">\n\t\t\t<div class=\"elementor-column-wrap\">\n\t\t\t\t\t<div class=\"elementor-widget-wrap\">\n\t\t\t\t\t\t<\/div>\n\t\t\t<\/div>\n\t\t<\/div>\n\t\t\t\t\t\t<\/div>\n\t\t\t<\/div>\n\t\t<\/section>\n\t\t\t\t\t\t<\/div>\n\t\t\t<\/div>\n\t\t<\/div>\n\t\t","protected":false},"excerpt":{"rendered":"<p>Nos conseils ? Vous n&#8217;avez pas \u00e0 faire mille projets, laissez le temps couler et profitez pleinement de ce temps avec vos amis ou votre famille&#8230; consacrez-vous \u00e0 l&#8217;art de la d\u00e9connexion : D\u00e9connecter- [ART] Vous ne pouvez pas manquer certains de nos meilleurs secrets : Sortez et voyez les \u00e9toiles sur la terrasse, vous [&hellip;]<\/p>\n","protected":false},"author":2,"featured_media":0,"parent":0,"menu_order":0,"comment_status":"closed","ping_status":"closed","template":"","meta":[],"_links":{"self":[{"href":"https:\/\/abellerolrural.com\/fr\/wp-json\/wp\/v2\/pages\/937\/"}],"collection":[{"href":"https:\/\/abellerolrural.com\/fr\/wp-json\/wp\/v2\/pages\/"}],"about":[{"href":"https:\/\/abellerolrural.com\/fr\/wp-json\/wp\/v2\/types\/page\/"}],"author":[{"embeddable":true,"href":"https:\/\/abellerolrural.com\/fr\/wp-json\/wp\/v2\/users\/2\/"}],"replies":[{"embeddable":true,"href":"https:\/\/abellerolrural.com\/fr\/wp-json\/wp\/v2\/comments\/?post=937"}],"version-history":[{"count":3,"href":"https:\/\/abellerolrural.com\/fr\/wp-json\/wp\/v2\/pages\/937\/revisions\/"}],"predecessor-version":[{"id":940,"href":"https:\/\/abellerolrural.com\/fr\/wp-json\/wp\/v2\/pages\/937\/revisions\/940\/"}],"wp:attachment":[{"href":"https:\/\/abellerolrural.com\/fr\/wp-json\/wp\/v2\/media\/?parent=937"}],"curies":[{"name":"wp","href":"https:\/\/api.w.org\/{rel}","templated":true}]}}