{"id":85,"date":"2019-04-26T13:54:10","date_gmt":"2019-04-26T13:54:10","guid":{"rendered":"https:\/\/abellerolrural.com\/?page_id=85"},"modified":"2020-07-10T18:43:24","modified_gmt":"2020-07-10T18:43:24","slug":"inicio","status":"publish","type":"page","link":"https:\/\/abellerolrural.com\/fr\/","title":{"rendered":"Accueil"},"content":{"rendered":"\t\t<div data-elementor-type=\"wp-post\" data-elementor-id=\"85\" class=\"elementor elementor-85\" data-elementor-settings=\"[]\">\n\t\t\t<div class=\"elementor-inner\">\n\t\t\t\t<div class=\"elementor-section-wrap\">\n\t\t\t\t\t\t\t<section class=\"elementor-element elementor-element-3d9d4175 elementor-section-stretched elementor-section-full_width elementor-section-height-min-height elementor-section-height-default elementor-section-items-middle elementor-section elementor-top-section\" data-id=\"3d9d4175\" data-element_type=\"section\" data-settings=\"{&quot;stretch_section&quot;:&quot;section-stretched&quot;,&quot;background_background&quot;:&quot;classic&quot;}\">\n\t\t\t\t\t\t<div class=\"elementor-container elementor-column-gap-default\">\n\t\t\t\t<div class=\"elementor-row\">\n\t\t\t\t<div class=\"elementor-element elementor-element-609ed4c9 elementor-column elementor-col-50 elementor-top-column\" data-id=\"609ed4c9\" data-element_type=\"column\" data-settings=\"{&quot;background_background&quot;:&quot;classic&quot;}\">\n\t\t\t<div class=\"elementor-column-wrap  elementor-element-populated\">\n\t\t\t\t\t<div class=\"elementor-widget-wrap\">\n\t\t\t\t<div class=\"elementor-element elementor-element-6a84338 elementor-widget elementor-widget-spacer\" data-id=\"6a84338\" data-element_type=\"widget\" data-widget_type=\"spacer.default\">\n\t\t\t\t<div class=\"elementor-widget-container\">\n\t\t\t\t\t<div class=\"elementor-spacer\">\n\t\t\t<div class=\"elementor-spacer-inner\"><\/div>\n\t\t<\/div>\n\t\t\t\t<\/div>\n\t\t\t\t<\/div>\n\t\t\t\t\t\t<\/div>\n\t\t\t<\/div>\n\t\t<\/div>\n\t\t\t\t<div class=\"elementor-element elementor-element-82203ec elementor-column elementor-col-50 elementor-top-column\" data-id=\"82203ec\" data-element_type=\"column\" data-settings=\"{&quot;background_background&quot;:&quot;classic&quot;}\">\n\t\t\t<div class=\"elementor-column-wrap  elementor-element-populated\">\n\t\t\t\t\t<div class=\"elementor-widget-wrap\">\n\t\t\t\t<div class=\"elementor-element elementor-element-530bcfb elementor-widget elementor-widget-heading\" data-id=\"530bcfb\" data-element_type=\"widget\" data-widget_type=\"heading.default\">\n\t\t\t\t<div class=\"elementor-widget-container\">\n\t\t\t<h2 class=\"elementor-heading-title elementor-size-default\">[ L\u2019ART DE LA D\u00c9CONNEXION *]<\/h2>\t\t<\/div>\n\t\t\t\t<\/div>\n\t\t\t\t<div class=\"elementor-element elementor-element-897a03b elementor-widget elementor-widget-heading\" data-id=\"897a03b\" data-element_type=\"widget\" data-widget_type=\"heading.default\">\n\t\t\t\t<div class=\"elementor-widget-container\">\n\t\t\t<h2 class=\"elementor-heading-title elementor-size-default\">* L'art de la d\u00e9connexion<\/h2>\t\t<\/div>\n\t\t\t\t<\/div>\n\t\t\t\t<div class=\"elementor-element elementor-element-9dc29cf textoHome elementor-widget elementor-widget-text-editor\" data-id=\"9dc29cf\" data-element_type=\"widget\" data-widget_type=\"text-editor.default\">\n\t\t\t\t<div class=\"elementor-widget-container\">\n\t\t\t\t\t<div class=\"elementor-text-editor elementor-clearfix\"><p>\u00c0 l&#8217;Abellerol, nous savons que le stress fait partie int\u00e9grante de votre vie. Vous courez tous les jours pour aller travailler ou vous occuper de vos t\u00e2ches quotidiennes, puis vous passez une dure journ\u00e9e \u00e0 vous efforcer de faire de votre mieux, pour finalement rentrer chez vous ext\u00e9nu\u00e9 et presque sans motivation pour tout le reste&#8230;<\/p><p>Nous vous proposons donc un nouveau concept qui vous plongera dans une<br \/>parenth\u00e8se de calme:<\/p><p><strong> [L\u2019art de la d\u00e9connexion]<\/strong><\/p><\/div>\n\t\t\t\t<\/div>\n\t\t\t\t<\/div>\n\t\t\t\t\t\t<\/div>\n\t\t\t<\/div>\n\t\t<\/div>\n\t\t\t\t\t\t<\/div>\n\t\t\t<\/div>\n\t\t<\/section>\n\t\t\t\t<section class=\"elementor-element elementor-element-612ff47 elementor-section-boxed elementor-section-height-default elementor-section-height-default elementor-section elementor-top-section\" data-id=\"612ff47\" data-element_type=\"section\" data-settings=\"{&quot;background_background&quot;:&quot;classic&quot;}\">\n\t\t\t\t\t\t<div class=\"elementor-container elementor-column-gap-default\">\n\t\t\t\t<div class=\"elementor-row\">\n\t\t\t\t<div class=\"elementor-element elementor-element-637cf23 elementor-column elementor-col-50 elementor-top-column\" data-id=\"637cf23\" data-element_type=\"column\">\n\t\t\t<div class=\"elementor-column-wrap  elementor-element-populated\">\n\t\t\t\t\t<div class=\"elementor-widget-wrap\">\n\t\t\t\t<div class=\"elementor-element elementor-element-f19a59f elementor-widget elementor-widget-text-editor\" data-id=\"f19a59f\" data-element_type=\"widget\" data-widget_type=\"text-editor.default\">\n\t\t\t\t<div class=\"elementor-widget-container\">\n\t\t\t\t\t<div class=\"elementor-text-editor elementor-clearfix\"><p>Nous vous offrons tout ce dont vous avez besoin avec votre famille, votre groupe d&#8217;amis, vos coll\u00e8gues ou votre conjoint-e. Un s\u00e9jour au beau milieu de la nature et une maison spectaculaire pleine de charme o\u00f9 vous pourrez appr\u00e9cier au mieux les nombreuses activit\u00e9s et opportunit\u00e9s que nous avons \u00e0 vous proposer. Profitez-en pour vous d\u00e9tendre, d\u00e9connecter de la routine et prendre le temps d&#8217;appr\u00e9cier le monde qui vous entoure.<\/p><\/div>\n\t\t\t\t<\/div>\n\t\t\t\t<\/div>\n\t\t\t\t\t\t<\/div>\n\t\t\t<\/div>\n\t\t<\/div>\n\t\t\t\t<div class=\"elementor-element elementor-element-a58277d elementor-column elementor-col-50 elementor-top-column\" data-id=\"a58277d\" data-element_type=\"column\">\n\t\t\t<div class=\"elementor-column-wrap  elementor-element-populated\">\n\t\t\t\t\t<div class=\"elementor-widget-wrap\">\n\t\t\t\t<div class=\"elementor-element elementor-element-c9f665a elementor-widget__width-auto elementor-widget elementor-widget-image\" data-id=\"c9f665a\" data-element_type=\"widget\" data-widget_type=\"image.default\">\n\t\t\t\t<div class=\"elementor-widget-container\">\n\t\t\t\t\t<div class=\"elementor-image\">\n\t\t\t\t\t\t\t\t\t\t<img width=\"300\" height=\"300\" src=\"https:\/\/abellerolrural.com\/wp-content\/uploads\/2019\/04\/casa-flores-300x300.jpg\" class=\"attachment-medium size-medium\" alt=\"Exterior de la casa\" loading=\"lazy\" srcset=\"https:\/\/abellerolrural.com\/wp-content\/uploads\/2019\/04\/casa-flores-300x300.jpg 300w, https:\/\/abellerolrural.com\/wp-content\/uploads\/2019\/04\/casa-flores-150x150.jpg 150w, https:\/\/abellerolrural.com\/wp-content\/uploads\/2019\/04\/casa-flores-768x768.jpg 768w, https:\/\/abellerolrural.com\/wp-content\/uploads\/2019\/04\/casa-flores-1024x1024.jpg 1024w, https:\/\/abellerolrural.com\/wp-content\/uploads\/2019\/04\/casa-flores.jpg 1080w\" sizes=\"(max-width: 300px) 100vw, 300px\" \/>\t\t\t\t\t\t\t\t\t\t\t<\/div>\n\t\t\t\t<\/div>\n\t\t\t\t<\/div>\n\t\t\t\t\t\t<\/div>\n\t\t\t<\/div>\n\t\t<\/div>\n\t\t\t\t\t\t<\/div>\n\t\t\t<\/div>\n\t\t<\/section>\n\t\t\t\t<section class=\"elementor-element elementor-element-767bff7 elementor-section-boxed elementor-section-height-default elementor-section-height-default elementor-section elementor-top-section\" data-id=\"767bff7\" data-element_type=\"section\">\n\t\t\t\t\t\t<div class=\"elementor-container elementor-column-gap-default\">\n\t\t\t\t<div class=\"elementor-row\">\n\t\t\t\t<div class=\"elementor-element elementor-element-b819d63 elementor-column elementor-col-100 elementor-top-column\" data-id=\"b819d63\" data-element_type=\"column\">\n\t\t\t<div class=\"elementor-column-wrap  elementor-element-populated\">\n\t\t\t\t\t<div class=\"elementor-widget-wrap\">\n\t\t\t\t<div class=\"elementor-element elementor-element-9fe73a4 elementor-widget elementor-widget-heading\" data-id=\"9fe73a4\" data-element_type=\"widget\" data-widget_type=\"heading.default\">\n\t\t\t\t<div class=\"elementor-widget-container\">\n\t\t\t<h2 class=\"elementor-heading-title elementor-size-default\">PRATIQUEZ L\u2019ART DE LA D\u00c9CONNEXION<\/h2>\t\t<\/div>\n\t\t\t\t<\/div>\n\t\t\t\t<div class=\"elementor-element elementor-element-f5ade3e elementor-widget elementor-widget-heading\" data-id=\"f5ade3e\" data-element_type=\"widget\" data-widget_type=\"heading.default\">\n\t\t\t\t<div class=\"elementor-widget-container\">\n\t\t\t<h4 class=\"elementor-heading-title elementor-size-default\">Comment faire ? Voici quelques pistes...<\/h4>\t\t<\/div>\n\t\t\t\t<\/div>\n\t\t\t\t\t\t<\/div>\n\t\t\t<\/div>\n\t\t<\/div>\n\t\t\t\t\t\t<\/div>\n\t\t\t<\/div>\n\t\t<\/section>\n\t\t\t\t<section class=\"elementor-element elementor-element-2549974 elementor-section-boxed elementor-section-height-default elementor-section-height-default elementor-section elementor-top-section\" data-id=\"2549974\" data-element_type=\"section\">\n\t\t\t\t\t\t<div class=\"elementor-container elementor-column-gap-default\">\n\t\t\t\t<div class=\"elementor-row\">\n\t\t\t\t<div class=\"elementor-element elementor-element-f7d78f7 elementor-column elementor-col-100 elementor-top-column\" data-id=\"f7d78f7\" data-element_type=\"column\">\n\t\t\t<div class=\"elementor-column-wrap  elementor-element-populated\">\n\t\t\t\t\t<div class=\"elementor-widget-wrap\">\n\t\t\t\t<div class=\"elementor-element elementor-element-2b50dcf elementor--v-position-bottom elementor--h-position-center elementor-widget elementor-widget-slides\" data-id=\"2b50dcf\" data-element_type=\"widget\" data-widget_type=\"slides.default\">\n\t\t\t\t<div class=\"elementor-widget-container\">\n\t\t\t\t\t<div class=\"elementor-slides-wrapper elementor-slick-slider\" dir=\"ltr\">\n\t\t\t<div class=\"elementor-slides slick-arrows-inside slick-dots-inside\" data-slider_options=\"{&quot;slidesToShow&quot;:1,&quot;autoplaySpeed&quot;:5000,&quot;autoplay&quot;:true,&quot;infinite&quot;:true,&quot;pauseOnHover&quot;:true,&quot;speed&quot;:500,&quot;arrows&quot;:true,&quot;dots&quot;:true,&quot;rtl&quot;:false}\" data-animation=\"fadeInUp\">\n\t\t\t\t<div class=\"elementor-repeater-item-60027c7 slick-slide\"><div class=\"slick-slide-bg elementor-ken-out\"><\/div><div  class=\"slick-slide-inner\"><div class=\"elementor-slide-content\"><div class=\"elementor-slide-description\">Enfilez des v\u00eatements chauds et installez-vous confortablement sur la terrasse pour regarder les \u00e9toiles<\/div><\/div><\/div><\/div><div class=\"elementor-repeater-item-077088b slick-slide\"><div class=\"slick-slide-bg elementor-ken-out\"><\/div><div  class=\"slick-slide-inner\"><div class=\"elementor-slide-content\"><div class=\"elementor-slide-description\">D\u00e9connectez-vous d'Internet, \u00e9teignez votre t\u00e9l\u00e9phone, laissez vos affaires dans la chambre et profitez de vos proches<\/div><\/div><\/div><\/div><div class=\"elementor-repeater-item-ef57bce slick-slide\"><div class=\"slick-slide-bg elementor-ken-out\"><\/div><div  class=\"slick-slide-inner\"><div class=\"elementor-slide-content\"><div class=\"elementor-slide-description\">Laissez votre regard se perdre au loin, faites un v\u0153u, puis deux, puis trois...<\/div><\/div><\/div><\/div><div class=\"elementor-repeater-item-fa1762b slick-slide\"><div class=\"slick-slide-bg elementor-ken-out\"><\/div><div  class=\"slick-slide-inner\"><div class=\"elementor-slide-content\"><div class=\"elementor-slide-description\">\u00c9coutez le silence, il a probablement quelque chose \u00e0 vous dire<\/div><\/div><\/div><\/div><div class=\"elementor-repeater-item-6768edd slick-slide\"><div class=\"slick-slide-bg elementor-ken-out\"><\/div><div  class=\"slick-slide-inner\"><div class=\"elementor-slide-content\"><div class=\"elementor-slide-description\">Rappelez-vous pourquoi vous avez d\u00e9cid\u00e9 de faire cette escapade et expliquez \u00e0 toutes les personnes pr\u00e9sentes pourquoi vous appr\u00e9ciez leur compagnie<\/div><\/div><\/div><\/div><div class=\"elementor-repeater-item-55de2c9 slick-slide\"><div class=\"slick-slide-bg elementor-ken-out\"><\/div><div  class=\"slick-slide-inner\"><div class=\"elementor-slide-content\"><div class=\"elementor-slide-description\">Asseyez-vous \u00e0 c\u00f4t\u00e9 de votre meilleur(e) ami(e), prenez-le\/la dans vos bras et proposez-lui de faire un tatouage identique au sien<\/div><\/div><\/div><\/div><div class=\"elementor-repeater-item-7d493ba slick-slide\"><div class=\"slick-slide-bg elementor-ken-out\"><\/div><div  class=\"slick-slide-inner\"><div class=\"elementor-slide-content\"><div class=\"elementor-slide-description\">Allez cueillir des fleurs et organisez une aventure<\/div><\/div><\/div><\/div><div class=\"elementor-repeater-item-77d5d15 slick-slide\"><div class=\"slick-slide-bg elementor-ken-out\"><\/div><div  class=\"slick-slide-inner\"><div class=\"elementor-slide-content\"><div class=\"elementor-slide-description\">R\u00e9veillez l'enfant qui est en vous (faites une bataille d'oreillers, par exemple)<\/div><\/div><\/div><\/div>\t\t\t<\/div>\n\t\t<\/div>\n\t\t\t\t<\/div>\n\t\t\t\t<\/div>\n\t\t\t\t\t\t<\/div>\n\t\t\t<\/div>\n\t\t<\/div>\n\t\t\t\t\t\t<\/div>\n\t\t\t<\/div>\n\t\t<\/section>\n\t\t\t\t<section class=\"elementor-element elementor-element-5900a2a elementor-section-boxed elementor-section-height-default elementor-section-height-default elementor-section elementor-top-section\" data-id=\"5900a2a\" data-element_type=\"section\">\n\t\t\t\t\t\t<div class=\"elementor-container elementor-column-gap-default\">\n\t\t\t\t<div class=\"elementor-row\">\n\t\t\t\t<div class=\"elementor-element elementor-element-3325142 elementor-column elementor-col-100 elementor-top-column\" data-id=\"3325142\" data-element_type=\"column\">\n\t\t\t<div class=\"elementor-column-wrap  elementor-element-populated\">\n\t\t\t\t\t<div class=\"elementor-widget-wrap\">\n\t\t\t\t<div class=\"elementor-element elementor-element-ccc0d5f elementor-widget elementor-widget-heading\" data-id=\"ccc0d5f\" data-element_type=\"widget\" data-widget_type=\"heading.default\">\n\t\t\t\t<div class=\"elementor-widget-container\">\n\t\t\t<h2 class=\"elementor-heading-title elementor-size-default\">Ce que nos clients disent de nous<\/h2>\t\t<\/div>\n\t\t\t\t<\/div>\n\t\t\t\t<div class=\"elementor-element elementor-element-01bd582 elementor-testimonial--skin-default elementor-testimonial--layout-image_inline elementor-testimonial--align-center elementor-arrows-yes elementor-pagination-type-bullets elementor-widget elementor-widget-testimonial-carousel\" data-id=\"01bd582\" data-element_type=\"widget\" data-settings=\"{&quot;show_arrows&quot;:&quot;yes&quot;,&quot;pagination&quot;:&quot;bullets&quot;,&quot;speed&quot;:500,&quot;autoplay&quot;:&quot;yes&quot;,&quot;autoplay_speed&quot;:5000,&quot;loop&quot;:&quot;yes&quot;,&quot;pause_on_interaction&quot;:&quot;yes&quot;,&quot;space_between&quot;:{&quot;unit&quot;:&quot;px&quot;,&quot;size&quot;:10,&quot;sizes&quot;:[]},&quot;space_between_tablet&quot;:{&quot;unit&quot;:&quot;px&quot;,&quot;size&quot;:10,&quot;sizes&quot;:[]},&quot;space_between_mobile&quot;:{&quot;unit&quot;:&quot;px&quot;,&quot;size&quot;:10,&quot;sizes&quot;:[]}}\" data-widget_type=\"testimonial-carousel.default\">\n\t\t\t\t<div class=\"elementor-widget-container\">\n\t\t\t\t\t<div class=\"elementor-swiper\">\n\t\t\t<div class=\"elementor-main-swiper swiper-container\">\n\t\t\t\t<div class=\"swiper-wrapper\">\n\t\t\t\t\t\t\t\t\t\t\t<div class=\"swiper-slide\">\n\t\t\t\t\t\t\t\t\t<div class=\"elementor-testimonial\">\n\t\t\t\t\t\t\t<div class=\"elementor-testimonial__content\">\n\t\t\t\t\t<div class=\"elementor-testimonial__text\">\n\t\t\t\t\t\tLa maison est tout simplement spectaculaire\u00a0: les \u00e9quipements, la d\u00e9coration et les petits d\u00e9tails ont \u00e9t\u00e9 pens\u00e9s avec beaucoup de go\u00fbt. La propri\u00e9taire ne pouvait pas \u00eatre plus accueillante. Elle fait tout son possible pour que vous vous sentiez comme chez vous. Nous reviendrons d\u00e8s que nous en aurons l\u2019occasion, cela n\u2019en fait aucun doute!\t\t\t\t\t<\/div>\n\t\t\t\t\t\t\t\t\t<\/div>\n\t\t\t\t\t\t<div class=\"elementor-testimonial__footer\">\n\t\t\t\t\t\t\t\t<cite class=\"elementor-testimonial__cite\"><span class=\"elementor-testimonial__name\">Javier M.<\/span><span class=\"elementor-testimonial__title\">Novembre\u00a02018<\/span><\/cite>\t\t\t<\/div>\n\t\t<\/div>\n\t\t\t\t\t\t\t\t<\/div>\n\t\t\t\t\t\t\t\t\t\t\t<div class=\"swiper-slide\">\n\t\t\t\t\t\t\t\t\t<div class=\"elementor-testimonial\">\n\t\t\t\t\t\t\t<div class=\"elementor-testimonial__content\">\n\t\t\t\t\t<div class=\"elementor-testimonial__text\">\n\t\t\t\t\t\tJ\u2019y ai pass\u00e9 un week-end avec 10 amis et il s&#39;agit de la meilleure maison rurale dans laquelle j\u2019ai pu s\u00e9journer. Tout est impeccable, avec de nombreux d\u00e9tails bien pens\u00e9s. La propret\u00e9 m\u00e9rite un 10\/10 et le jacuzzi est g\u00e9nial... Je recommande \u00e0 100\u00a0%.\t\t\t\t\t<\/div>\n\t\t\t\t\t\t\t\t\t<\/div>\n\t\t\t\t\t\t<div class=\"elementor-testimonial__footer\">\n\t\t\t\t\t\t\t\t<cite class=\"elementor-testimonial__cite\"><span class=\"elementor-testimonial__name\">Ivan Hernand<\/span><span class=\"elementor-testimonial__title\">D\u00e9cembre 2018<\/span><\/cite>\t\t\t<\/div>\n\t\t<\/div>\n\t\t\t\t\t\t\t\t<\/div>\n\t\t\t\t\t\t\t\t\t\t\t<div class=\"swiper-slide\">\n\t\t\t\t\t\t\t\t\t<div class=\"elementor-testimonial\">\n\t\t\t\t\t\t\t<div class=\"elementor-testimonial__content\">\n\t\t\t\t\t<div class=\"elementor-testimonial__text\">\n\t\t\t\t\t\tCette maison, qui est bien plus qu&#39;une maison rurale, a \u00e9t\u00e9 r\u00e9nov\u00e9e avec go\u00fbt et est pleine de d\u00e9tails incroyables, comme les peignoirs et les pantoufles pour chaque personne et la fantastique piscine chauff\u00e9e. Ce n\u2019est pas seulement la maison, c\u2019est aussi le service 5 \u00e9toiles d\u2019Anna (la propri\u00e9taire).\t\t\t\t\t<\/div>\n\t\t\t\t\t\t\t\t\t<\/div>\n\t\t\t\t\t\t<div class=\"elementor-testimonial__footer\">\n\t\t\t\t\t\t\t\t<cite class=\"elementor-testimonial__cite\"><span class=\"elementor-testimonial__name\">Robert J<\/span><span class=\"elementor-testimonial__title\">Mars 2019<\/span><\/cite>\t\t\t<\/div>\n\t\t<\/div>\n\t\t\t\t\t\t\t\t<\/div>\n\t\t\t\t\t\t\t\t\t\t\t<div class=\"swiper-slide\">\n\t\t\t\t\t\t\t\t\t<div class=\"elementor-testimonial\">\n\t\t\t\t\t\t\t<div class=\"elementor-testimonial__content\">\n\t\t\t\t\t<div class=\"elementor-testimonial__text\">\n\t\t\t\t\t\tL'une des meilleures maisons o\u00f9 nous avons log\u00e9. Parfaite pour notre groupe de 15 personnes. D\u00e9tails dans toutes les chambres et petites attentions de bienvenue dans la cuisine. La piscine et le jacuzzi sont fantastiques. Tout est tr\u00e8s propre. Nous avons \u00e9t\u00e9 tr\u00e8s bien accueillis. Les courses que nous avions faites en ligne depuis chez nous nous attendaient d\u00e9j\u00e0 \u00e0 l'int\u00e9rieur. Tr\u00e8s confortable.\t\t\t\t\t<\/div>\n\t\t\t\t\t\t\t\t\t<\/div>\n\t\t\t\t\t\t<div class=\"elementor-testimonial__footer\">\n\t\t\t\t\t\t\t\t<cite class=\"elementor-testimonial__cite\"><span class=\"elementor-testimonial__name\">Laura<\/span><span class=\"elementor-testimonial__title\">D\u00e9cembre 2018<\/span><\/cite>\t\t\t<\/div>\n\t\t<\/div>\n\t\t\t\t\t\t\t\t<\/div>\n\t\t\t\t\t\t\t\t\t<\/div>\n\t\t\t\t\t\t\t\t\t\t\t\t\t\t\t<div class=\"swiper-pagination\"><\/div>\n\t\t\t\t\t\t\t\t\t\t\t\t\t\t\t\t<div class=\"elementor-swiper-button elementor-swiper-button-prev\">\n\t\t\t\t\t\t\t<i class=\"eicon-chevron-left\" aria-hidden=\"true\"><\/i>\n\t\t\t\t\t\t\t<span class=\"elementor-screen-only\">Previous<\/span>\n\t\t\t\t\t\t<\/div>\n\t\t\t\t\t\t<div class=\"elementor-swiper-button elementor-swiper-button-next\">\n\t\t\t\t\t\t\t<i class=\"eicon-chevron-right\" aria-hidden=\"true\"><\/i>\n\t\t\t\t\t\t\t<span class=\"elementor-screen-only\">Next<\/span>\n\t\t\t\t\t\t<\/div>\n\t\t\t\t\t\t\t\t\t\t\t\t<\/div>\n\t\t<\/div>\n\t\t\t\t<\/div>\n\t\t\t\t<\/div>\n\t\t\t\t<div class=\"elementor-element elementor-element-faa4290 elementor-widget elementor-widget-image\" data-id=\"faa4290\" data-element_type=\"widget\" data-widget_type=\"image.default\">\n\t\t\t\t<div class=\"elementor-widget-container\">\n\t\t\t\t\t<div class=\"elementor-image\">\n\t\t\t\t\t\t\t<figure class=\"wp-caption\">\n\t\t\t\t\t\t\t\t\t\t\t<a href=\"https:\/\/www.tripadvisor.es\/Hotel_Review-g3207104-d7383998-Reviews-Abellerol_rural-Osso_de_Sio_Province_of_Lleida_Catalonia.html#REVIEWS\" target=\"_blank\">\n\t\t\t\t\t\t\t<img width=\"170\" height=\"75\" src=\"https:\/\/abellerolrural.com\/wp-content\/uploads\/2019\/05\/tripadvisor_opiniones.png\" class=\"attachment-large size-large\" alt=\"Opiniones en TripAdvisor\" loading=\"lazy\" \/>\t\t\t\t\t\t\t\t<\/a>\n\t\t\t\t\t\t\t\t\t\t\t<figcaption class=\"widget-image-caption wp-caption-text\">Ver m\u00e1s opiniones en TripAdvisor<\/figcaption>\n\t\t\t\t\t\t\t\t\t\t<\/figure>\n\t\t\t\t\t<\/div>\n\t\t\t\t<\/div>\n\t\t\t\t<\/div>\n\t\t\t\t\t\t<\/div>\n\t\t\t<\/div>\n\t\t<\/div>\n\t\t\t\t\t\t<\/div>\n\t\t\t<\/div>\n\t\t<\/section>\n\t\t\t\t\t\t<\/div>\n\t\t\t<\/div>\n\t\t<\/div>\n\t\t","protected":false},"excerpt":{"rendered":"<p>[ L\u2019ART DE LA D\u00c9CONNEXION *] * L&#8217;art de la d\u00e9connexion \u00c0 l&#8217;Abellerol, nous savons que le stress fait partie int\u00e9grante de votre vie. Vous courez tous les jours pour aller travailler ou vous occuper de vos t\u00e2ches quotidiennes, puis vous passez une dure journ\u00e9e \u00e0 vous efforcer de faire de votre mieux, pour finalement [&hellip;]<\/p>\n","protected":false},"author":2,"featured_media":0,"parent":0,"menu_order":0,"comment_status":"closed","ping_status":"closed","template":"elementor_header_footer","meta":[],"_links":{"self":[{"href":"https:\/\/abellerolrural.com\/fr\/wp-json\/wp\/v2\/pages\/85\/"}],"collection":[{"href":"https:\/\/abellerolrural.com\/fr\/wp-json\/wp\/v2\/pages\/"}],"about":[{"href":"https:\/\/abellerolrural.com\/fr\/wp-json\/wp\/v2\/types\/page\/"}],"author":[{"embeddable":true,"href":"https:\/\/abellerolrural.com\/fr\/wp-json\/wp\/v2\/users\/2\/"}],"replies":[{"embeddable":true,"href":"https:\/\/abellerolrural.com\/fr\/wp-json\/wp\/v2\/comments\/?post=85"}],"version-history":[{"count":9,"href":"https:\/\/abellerolrural.com\/fr\/wp-json\/wp\/v2\/pages\/85\/revisions\/"}],"predecessor-version":[{"id":892,"href":"https:\/\/abellerolrural.com\/fr\/wp-json\/wp\/v2\/pages\/85\/revisions\/892\/"}],"wp:attachment":[{"href":"https:\/\/abellerolrural.com\/fr\/wp-json\/wp\/v2\/media\/?parent=85"}],"curies":[{"name":"wp","href":"https:\/\/api.w.org\/{rel}","templated":true}]}}